{"id":522,"date":"2024-08-24T15:50:13","date_gmt":"2024-08-24T15:50:13","guid":{"rendered":"https:\/\/elisawuo.art\/?page_id=522"},"modified":"2024-12-21T01:36:52","modified_gmt":"2024-12-21T01:36:52","slug":"sobre","status":"publish","type":"page","link":"https:\/\/elisawuo.art\/pt\/sobre\/","title":{"rendered":"Sobre"},"content":{"rendered":"<div data-elementor-type=\"wp-page\" data-elementor-id=\"522\" class=\"elementor elementor-522\" data-elementor-post-type=\"page\">\n\t\t\t\t<div class=\"elementor-element elementor-element-764af0e e-flex e-con-boxed e-con e-parent\" data-id=\"764af0e\" data-element_type=\"container\">\n\t\t\t\t\t<div class=\"e-con-inner\">\n\t\t<div class=\"elementor-element elementor-element-56dcd75 e-con-full e-flex e-con e-child\" data-id=\"56dcd75\" data-element_type=\"container\">\n\t\t\t\t<div class=\"elementor-element elementor-element-ab5641a elementor-widget elementor-widget-image\" data-id=\"ab5641a\" data-element_type=\"widget\" data-widget_type=\"image.default\">\n\t\t\t\t<div class=\"elementor-widget-container\">\n\t\t\t\t\t\t\t\t\t\t\t\t\t\t\t<img fetchpriority=\"high\" decoding=\"async\" width=\"420\" height=\"630\" src=\"https:\/\/elisawuo.art\/wp-content\/uploads\/2024\/08\/IMG-Elisa-Wuo.png\" class=\"attachment-full size-full wp-image-44\" alt=\"\" srcset=\"https:\/\/elisawuo.art\/wp-content\/uploads\/2024\/08\/IMG-Elisa-Wuo.png 420w, https:\/\/elisawuo.art\/wp-content\/uploads\/2024\/08\/IMG-Elisa-Wuo-200x300.png 200w\" sizes=\"(max-width: 420px) 100vw, 420px\" \/>\t\t\t\t\t\t\t\t\t\t\t\t\t\t\t<\/div>\n\t\t\t\t<\/div>\n\t\t\t\t<\/div>\n\t\t<div class=\"elementor-element elementor-element-dee9c1f e-con-full e-flex e-con e-child\" data-id=\"dee9c1f\" data-element_type=\"container\">\n\t\t\t\t<div class=\"elementor-element elementor-element-af95877 elementor-widget elementor-widget-heading\" data-id=\"af95877\" data-element_type=\"widget\" data-widget_type=\"heading.default\">\n\t\t\t\t<div class=\"elementor-widget-container\">\n\t\t\t\t\t<h2 class=\"elementor-heading-title elementor-size-default\">Sobre a artista<\/h2>\t\t\t\t<\/div>\n\t\t\t\t<\/div>\n\t\t\t\t<div class=\"elementor-element elementor-element-b22e665 elementor-widget elementor-widget-heading\" data-id=\"b22e665\" data-element_type=\"widget\" data-widget_type=\"heading.default\">\n\t\t\t\t<div class=\"elementor-widget-container\">\n\t\t\t\t\t<h1 class=\"elementor-heading-title elementor-size-default\">ELISA WUO<\/h1>\t\t\t\t<\/div>\n\t\t\t\t<\/div>\n\t\t\t\t<div class=\"elementor-element elementor-element-7c3d5a1 elementor-widget elementor-widget-text-editor\" data-id=\"7c3d5a1\" data-element_type=\"widget\" data-widget_type=\"text-editor.default\">\n\t\t\t\t<div class=\"elementor-widget-container\">\n\t\t\t\t\t\t\t\t\t<p>Elisa Wuo, nascida em S\u00e3o Paulo, Brasil, formada em Educa\u00e7\u00e3o Art\u00edstica e bacharel pela Funda\u00e7\u00e3o Armando \u00c1lvares Penteado, FAAP (S\u00e3o Paulo, Brasil). Em 1996 mudou-se para a Fl\u00f3rida (EUA), onde mora e trabalha.<\/p><p>Por 25 anos, trabalhou como muralista na \u00e1rea de decora\u00e7\u00e3o de interiores residenciais e comerciais nos EUA e no Brasil. Sempre se interessou pelo uso de materiais industriais. Seu processo art\u00edstico \u00e9 plural e suas t\u00e9cnicas se expandiram ao longo do tempo.<\/p><p>Elisa has been exploring more intimate paintings on a smaller scale, on canvas and paper. The painting is done by superimposing layers of the various procedures that occurred during the act of painting. The nature of her work lies in the creative process itself and in the dialogue between the image and the reflection.<\/p><p>Como imigrante, por muitos anos ela teve que superar os desafios de se adaptar \u00e0 sua fam\u00edlia, idioma e cultura. Seu trabalho reflete esses desafios e apagamentos aos quais ele foi submetido.<\/p><p>Elisa complements her education with\u00a0mentorship, courses and lectures. She is a member of the Brazilian art collective Coletivo21.<\/p><p>Ela participa ativamente de exposi\u00e7\u00f5es nos EUA e no Brasil.<\/p>\t\t\t\t\t\t\t\t<\/div>\n\t\t\t\t<\/div>\n\t\t\t\t<\/div>\n\t\t\t\t\t<\/div>\n\t\t\t\t<\/div>\n\t\t\t\t<\/div>","protected":false},"excerpt":{"rendered":"<p>About the Artist ELISA WUO Elisa Wuo, born in S\u00e3o Paulo, Brazil, graduated in Art Education and a Bachelor&#8217;s degree from Funda\u00e7\u00e3o Armando \u00c1lvares Penteado, FAAP (S\u00e3o Paulo, Brazil). In 1996, she moved to Florida (USA), where she lives and works. For 25 years, she worked as a mural artist in the area of \u200b\u200bresidential [&hellip;]<\/p>","protected":false},"author":1,"featured_media":0,"parent":0,"menu_order":0,"comment_status":"closed","ping_status":"closed","template":"elementor_header_footer","meta":{"footnotes":""},"class_list":["post-522","page","type-page","status-publish","hentry"],"yoast_head":"<!-- This site is optimized with the Yoast SEO Premium plugin v24.2 (Yoast SEO v24.2) - https:\/\/yoast.com\/wordpress\/plugins\/seo\/ -->\n<title>Sobre - Elisa Wuo<\/title>\n<meta name=\"robots\" content=\"index, follow, max-snippet:-1, max-image-preview:large, max-video-preview:-1\" \/>\n<link rel=\"canonical\" href=\"https:\/\/elisawuo.art\/pt\/sobre\/\" \/>\n<meta property=\"og:locale\" content=\"pt_BR\" \/>\n<meta property=\"og:type\" content=\"article\" \/>\n<meta property=\"og:title\" content=\"Sobre\" \/>\n<meta property=\"og:description\" content=\"About the Artist ELISA WUO Elisa Wuo, born in S\u00e3o Paulo, Brazil, graduated in Art Education and a Bachelor&#8217;s degree from Funda\u00e7\u00e3o Armando \u00c1lvares Penteado, FAAP (S\u00e3o Paulo, Brazil). In 1996, she moved to Florida (USA), where she lives and works. For 25 years, she worked as a mural artist in the area of \u200b\u200bresidential [&hellip;]\" \/>\n<meta property=\"og:url\" content=\"https:\/\/elisawuo.art\/pt\/sobre\/\" \/>\n<meta property=\"og:site_name\" content=\"Elisa Wuo\" \/>\n<meta property=\"article:modified_time\" content=\"2024-12-21T01:36:52+00:00\" \/>\n<meta property=\"og:image\" content=\"https:\/\/elisawuo.art\/wp-content\/uploads\/2024\/08\/IMG-Elisa-Wuo.png\" \/>\n<meta name=\"twitter:card\" content=\"summary_large_image\" \/>\n<meta name=\"twitter:label1\" content=\"Est. tempo de leitura\" \/>\n\t<meta name=\"twitter:data1\" content=\"1 minuto\" \/>\n<script type=\"application\/ld+json\" class=\"yoast-schema-graph\">{\"@context\":\"https:\/\/schema.org\",\"@graph\":[{\"@type\":\"WebPage\",\"@id\":\"https:\/\/elisawuo.art\/sobre\/\",\"url\":\"https:\/\/elisawuo.art\/sobre\/\",\"name\":\"Sobre - Elisa Wuo\",\"isPartOf\":{\"@id\":\"https:\/\/elisawuo.art\/pt\/#website\"},\"primaryImageOfPage\":{\"@id\":\"https:\/\/elisawuo.art\/sobre\/#primaryimage\"},\"image\":{\"@id\":\"https:\/\/elisawuo.art\/sobre\/#primaryimage\"},\"thumbnailUrl\":\"https:\/\/elisawuo.art\/wp-content\/uploads\/2024\/08\/IMG-Elisa-Wuo.png\",\"datePublished\":\"2024-08-24T15:50:13+00:00\",\"dateModified\":\"2024-12-21T01:36:52+00:00\",\"breadcrumb\":{\"@id\":\"https:\/\/elisawuo.art\/sobre\/#breadcrumb\"},\"inLanguage\":\"pt-BR\",\"potentialAction\":[{\"@type\":\"ReadAction\",\"target\":[\"https:\/\/elisawuo.art\/sobre\/\"]}]},{\"@type\":\"ImageObject\",\"inLanguage\":\"pt-BR\",\"@id\":\"https:\/\/elisawuo.art\/sobre\/#primaryimage\",\"url\":\"https:\/\/elisawuo.art\/wp-content\/uploads\/2024\/08\/IMG-Elisa-Wuo.png\",\"contentUrl\":\"https:\/\/elisawuo.art\/wp-content\/uploads\/2024\/08\/IMG-Elisa-Wuo.png\"},{\"@type\":\"BreadcrumbList\",\"@id\":\"https:\/\/elisawuo.art\/sobre\/#breadcrumb\",\"itemListElement\":[{\"@type\":\"ListItem\",\"position\":1,\"name\":\"In\u00edcio\",\"item\":\"https:\/\/elisawuo.art\/pt\/\"},{\"@type\":\"ListItem\",\"position\":2,\"name\":\"Sobre\"}]},{\"@type\":\"WebSite\",\"@id\":\"https:\/\/elisawuo.art\/pt\/#website\",\"url\":\"https:\/\/elisawuo.art\/pt\/\",\"name\":\"Elisa Wuo\",\"description\":\"Exploring memories and stories through textures and layers of art.\",\"potentialAction\":[{\"@type\":\"SearchAction\",\"target\":{\"@type\":\"EntryPoint\",\"urlTemplate\":\"https:\/\/elisawuo.art\/pt\/?s={search_term_string}\"},\"query-input\":{\"@type\":\"PropertyValueSpecification\",\"valueRequired\":true,\"valueName\":\"search_term_string\"}}],\"inLanguage\":\"pt-BR\"}]}<\/script>\n<!-- \/ Yoast SEO Premium plugin. -->","yoast_head_json":{"title":"Sobre - Elisa Wuo","robots":{"index":"index","follow":"follow","max-snippet":"max-snippet:-1","max-image-preview":"max-image-preview:large","max-video-preview":"max-video-preview:-1"},"canonical":"https:\/\/elisawuo.art\/pt\/sobre\/","og_locale":"pt_BR","og_type":"article","og_title":"Sobre","og_description":"About the Artist ELISA WUO Elisa Wuo, born in S\u00e3o Paulo, Brazil, graduated in Art Education and a Bachelor&#8217;s degree from Funda\u00e7\u00e3o Armando \u00c1lvares Penteado, FAAP (S\u00e3o Paulo, Brazil). In 1996, she moved to Florida (USA), where she lives and works. For 25 years, she worked as a mural artist in the area of \u200b\u200bresidential [&hellip;]","og_url":"https:\/\/elisawuo.art\/pt\/sobre\/","og_site_name":"Elisa Wuo","article_modified_time":"2024-12-21T01:36:52+00:00","og_image":[{"url":"https:\/\/elisawuo.art\/wp-content\/uploads\/2024\/08\/IMG-Elisa-Wuo.png","type":"","width":"","height":""}],"twitter_card":"summary_large_image","twitter_misc":{"Est. tempo de leitura":"1 minuto"},"schema":{"@context":"https:\/\/schema.org","@graph":[{"@type":"WebPage","@id":"https:\/\/elisawuo.art\/sobre\/","url":"https:\/\/elisawuo.art\/sobre\/","name":"Sobre - Elisa Wuo","isPartOf":{"@id":"https:\/\/elisawuo.art\/pt\/#website"},"primaryImageOfPage":{"@id":"https:\/\/elisawuo.art\/sobre\/#primaryimage"},"image":{"@id":"https:\/\/elisawuo.art\/sobre\/#primaryimage"},"thumbnailUrl":"https:\/\/elisawuo.art\/wp-content\/uploads\/2024\/08\/IMG-Elisa-Wuo.png","datePublished":"2024-08-24T15:50:13+00:00","dateModified":"2024-12-21T01:36:52+00:00","breadcrumb":{"@id":"https:\/\/elisawuo.art\/sobre\/#breadcrumb"},"inLanguage":"pt-BR","potentialAction":[{"@type":"ReadAction","target":["https:\/\/elisawuo.art\/sobre\/"]}]},{"@type":"ImageObject","inLanguage":"pt-BR","@id":"https:\/\/elisawuo.art\/sobre\/#primaryimage","url":"https:\/\/elisawuo.art\/wp-content\/uploads\/2024\/08\/IMG-Elisa-Wuo.png","contentUrl":"https:\/\/elisawuo.art\/wp-content\/uploads\/2024\/08\/IMG-Elisa-Wuo.png"},{"@type":"BreadcrumbList","@id":"https:\/\/elisawuo.art\/sobre\/#breadcrumb","itemListElement":[{"@type":"ListItem","position":1,"name":"In\u00edcio","item":"https:\/\/elisawuo.art\/pt\/"},{"@type":"ListItem","position":2,"name":"Sobre"}]},{"@type":"WebSite","@id":"https:\/\/elisawuo.art\/pt\/#website","url":"https:\/\/elisawuo.art\/pt\/","name":"Elisa Wuo","description":"Exploring memories and stories through textures and layers of art.","potentialAction":[{"@type":"SearchAction","target":{"@type":"EntryPoint","urlTemplate":"https:\/\/elisawuo.art\/pt\/?s={search_term_string}"},"query-input":{"@type":"PropertyValueSpecification","valueRequired":true,"valueName":"search_term_string"}}],"inLanguage":"pt-BR"}]}},"_links":{"self":[{"href":"https:\/\/elisawuo.art\/pt\/wp-json\/wp\/v2\/pages\/522","targetHints":{"allow":["GET"]}}],"collection":[{"href":"https:\/\/elisawuo.art\/pt\/wp-json\/wp\/v2\/pages"}],"about":[{"href":"https:\/\/elisawuo.art\/pt\/wp-json\/wp\/v2\/types\/page"}],"author":[{"embeddable":true,"href":"https:\/\/elisawuo.art\/pt\/wp-json\/wp\/v2\/users\/1"}],"replies":[{"embeddable":true,"href":"https:\/\/elisawuo.art\/pt\/wp-json\/wp\/v2\/comments?post=522"}],"version-history":[{"count":22,"href":"https:\/\/elisawuo.art\/pt\/wp-json\/wp\/v2\/pages\/522\/revisions"}],"predecessor-version":[{"id":706,"href":"https:\/\/elisawuo.art\/pt\/wp-json\/wp\/v2\/pages\/522\/revisions\/706"}],"wp:attachment":[{"href":"https:\/\/elisawuo.art\/pt\/wp-json\/wp\/v2\/media?parent=522"}],"curies":[{"name":"wp","href":"https:\/\/api.w.org\/{rel}","templated":true}]}}